{"id":610,"date":"2020-09-17T16:54:19","date_gmt":"2020-09-17T22:54:19","guid":{"rendered":"https:\/\/www.uned.ac.cr\/academica\/igesca\/visitas\/maestria-administracion-empresas\/?page_id=610"},"modified":"2021-10-21T10:30:31","modified_gmt":"2021-10-21T16:30:31","slug":"portada","status":"publish","type":"page","link":"https:\/\/www.uned.ac.cr\/docencia\/igesca\/visitas\/maestria-administracion-empresas\/","title":{"rendered":"Portada"},"content":{"rendered":"\n<p>Esta es la p\u00e1gina de portada. No se debe borrar.<\/p>\n\n\n\n<p>Para editar lo que aparece en la portada, dir\u00edjase a la \u00edtem de <strong>Portada<\/strong> en las herramientas de administraci\u00f3n.<\/p>\n\n\n\n<p class=\"has-text-align-right\">Atentamente, La Gerencia.<\/p>\n","protected":false},"excerpt":{"rendered":"<p>Esta es la p\u00e1gina de portada. No se debe borrar. Para editar lo que aparece en la portada, dir\u00edjase a la \u00edtem de Portada en las herramientas de administraci\u00f3n. Atentamente, La Gerencia.<\/p>\n","protected":false},"author":1,"featured_media":0,"parent":0,"menu_order":0,"comment_status":"closed","ping_status":"closed","template":"portada-page.php","meta":{"_acf_changed":false,"_coblocks_attr":"","_coblocks_dimensions":"","_coblocks_responsive_height":"","_coblocks_accordion_ie_support":"","footnotes":""},"class_list":["post-610","page","type-page","status-publish","hentry"],"acf":[],"_links":{"self":[{"href":"https:\/\/www.uned.ac.cr\/docencia\/igesca\/visitas\/maestria-administracion-empresas\/wp-json\/wp\/v2\/pages\/610","targetHints":{"allow":["GET"]}}],"collection":[{"href":"https:\/\/www.uned.ac.cr\/docencia\/igesca\/visitas\/maestria-administracion-empresas\/wp-json\/wp\/v2\/pages"}],"about":[{"href":"https:\/\/www.uned.ac.cr\/docencia\/igesca\/visitas\/maestria-administracion-empresas\/wp-json\/wp\/v2\/types\/page"}],"author":[{"embeddable":true,"href":"https:\/\/www.uned.ac.cr\/docencia\/igesca\/visitas\/maestria-administracion-empresas\/wp-json\/wp\/v2\/users\/1"}],"replies":[{"embeddable":true,"href":"https:\/\/www.uned.ac.cr\/docencia\/igesca\/visitas\/maestria-administracion-empresas\/wp-json\/wp\/v2\/comments?post=610"}],"version-history":[{"count":2,"href":"https:\/\/www.uned.ac.cr\/docencia\/igesca\/visitas\/maestria-administracion-empresas\/wp-json\/wp\/v2\/pages\/610\/revisions"}],"predecessor-version":[{"id":2119,"href":"https:\/\/www.uned.ac.cr\/docencia\/igesca\/visitas\/maestria-administracion-empresas\/wp-json\/wp\/v2\/pages\/610\/revisions\/2119"}],"wp:attachment":[{"href":"https:\/\/www.uned.ac.cr\/docencia\/igesca\/visitas\/maestria-administracion-empresas\/wp-json\/wp\/v2\/media?parent=610"}],"curies":[{"name":"wp","href":"https:\/\/api.w.org\/{rel}","templated":true}]}}