{"id":610,"date":"2020-09-17T16:54:19","date_gmt":"2020-09-17T22:54:19","guid":{"rendered":"https:\/\/www.uned.ac.cr\/academica\/igesca\/visitas\/presscolar\/?page_id=610"},"modified":"2021-10-01T15:14:20","modified_gmt":"2021-10-01T21:14:20","slug":"portada","status":"publish","type":"page","link":"https:\/\/www.uned.ac.cr\/docencia\/igesca\/visitas\/presscolar\/","title":{"rendered":"Portada"},"content":{"rendered":"\n<h3 class=\"wp-block-heading\"><strong><em>Estimadas personas evaluadoras:<\/em><\/strong><\/h3>\n\n\n\n<p>Reciban un cordial saludo de parte de la Universidad Estatal a Distancia (UNED) y de la Carrera Diplomado, Bachillerato y Licenciatura Educaci\u00f3n Preescolar.<\/p>\n\n\n\n<p>El siguiente espacio virtual ha sido dise\u00f1ado con el prop\u00f3sito de brindar informaci\u00f3n pertinente de la universidad y de la carrera para el proceso de evaluaci\u00f3n externa con miras a la acreditaci\u00f3n.<\/p>\n\n\n\n<p>En este espacio podr\u00e1n consultar contenidos como: caracterizaci\u00f3n general de la UNED y de la Carrera, agenda de las actividades para cada uno de los d\u00edas de visita, informaci\u00f3n complementaria a las reuniones, as\u00ed como el detalle de algunas de las acciones que se han desarrollado en la Universidad para atender la situaci\u00f3n originada por el COVID-19.<\/p>\n\n\n\n<p>Participantes:<\/p>\n\n\n\n<figure class=\"wp-block-image size-full\"><img loading=\"lazy\" decoding=\"async\" width=\"225\" height=\"225\" src=\"https:\/\/www.uned.ac.cr\/academica\/igesca\/visitas\/presscolar\/wp-content\/uploads\/sites\/8\/2021\/08\/Rosita-2.jpg\" alt=\"\" class=\"wp-image-2066\" srcset=\"https:\/\/www.uned.ac.cr\/docencia\/igesca\/visitas\/presscolar\/wp-content\/uploads\/sites\/8\/2021\/08\/Rosita-2.jpg 225w, https:\/\/www.uned.ac.cr\/docencia\/igesca\/visitas\/presscolar\/wp-content\/uploads\/sites\/8\/2021\/08\/Rosita-2-150x150.jpg 150w\" sizes=\"auto, (max-width: 225px) 100vw, 225px\" \/><\/figure>\n\n\n\n<p><a href=\"https:\/\/www.uned.ac.cr\/academica\/igesca\/visitas\/educacion-especial\/user\/l_torres\/\">Dra. Rosa Mar\u00eda Hidalgo Chinchilla, Encargada de Carrera<\/a><\/p>\n\n\n\n<p><\/p>\n\n\n\n<figure class=\"wp-block-image size-full\"><img loading=\"lazy\" decoding=\"async\" width=\"225\" height=\"225\" src=\"https:\/\/www.uned.ac.cr\/academica\/igesca\/visitas\/presscolar\/wp-content\/uploads\/sites\/8\/2021\/08\/Laura-Torres-2.jpg\" alt=\"\" class=\"wp-image-2067\" srcset=\"https:\/\/www.uned.ac.cr\/docencia\/igesca\/visitas\/presscolar\/wp-content\/uploads\/sites\/8\/2021\/08\/Laura-Torres-2.jpg 225w, https:\/\/www.uned.ac.cr\/docencia\/igesca\/visitas\/presscolar\/wp-content\/uploads\/sites\/8\/2021\/08\/Laura-Torres-2-150x150.jpg 150w\" sizes=\"auto, (max-width: 225px) 100vw, 225px\" \/><\/figure>\n\n\n\n<p><a href=\"https:\/\/www.uned.ac.cr\/academica\/igesca\/visitas\/educacion-especial\/user\/mtorresv\/\">Mag. Laura Torres Sirias, Profesora de apoyo acad\u00e9mico<\/a><\/p>\n\n\n\n<p><\/p>\n\n\n\n<p><\/p>\n\n\n\n<p><\/p>\n\n\n\n<figure class=\"wp-block-image size-large is-resized\"><img loading=\"lazy\" decoding=\"async\" src=\"https:\/\/www.uned.ac.cr\/academica\/igesca\/visitas\/presscolar\/wp-content\/uploads\/sites\/8\/2021\/08\/foto-Joan-793x1024.jpg\" alt=\"\" class=\"wp-image-2068\" width=\"164\" height=\"212\" srcset=\"https:\/\/www.uned.ac.cr\/docencia\/igesca\/visitas\/presscolar\/wp-content\/uploads\/sites\/8\/2021\/08\/foto-Joan-793x1024.jpg 793w, https:\/\/www.uned.ac.cr\/docencia\/igesca\/visitas\/presscolar\/wp-content\/uploads\/sites\/8\/2021\/08\/foto-Joan-232x300.jpg 232w, https:\/\/www.uned.ac.cr\/docencia\/igesca\/visitas\/presscolar\/wp-content\/uploads\/sites\/8\/2021\/08\/foto-Joan-768x992.jpg 768w, https:\/\/www.uned.ac.cr\/docencia\/igesca\/visitas\/presscolar\/wp-content\/uploads\/sites\/8\/2021\/08\/foto-Joan-1189x1536.jpg 1189w, https:\/\/www.uned.ac.cr\/docencia\/igesca\/visitas\/presscolar\/wp-content\/uploads\/sites\/8\/2021\/08\/foto-Joan-1585x2048.jpg 1585w, https:\/\/www.uned.ac.cr\/docencia\/igesca\/visitas\/presscolar\/wp-content\/uploads\/sites\/8\/2021\/08\/foto-Joan-scaled.jpg 1981w\" sizes=\"auto, (max-width: 164px) 100vw, 164px\" \/><figcaption>Bach. Joan S\u00e1nchez Guill\u00e9n, Asistente Administrativo<\/figcaption><\/figure>\n","protected":false},"excerpt":{"rendered":"<p>Estimadas personas evaluadoras: Reciban un cordial saludo de parte de la Universidad Estatal a Distancia (UNED) y de la Carrera Diplomado, Bachillerato y Licenciatura Educaci\u00f3n Preescolar. El siguiente espacio virtual ha sido dise\u00f1ado con el prop\u00f3sito de brindar informaci\u00f3n pertinente de la universidad y de la carrera para el proceso de evaluaci\u00f3n externa con miras [&hellip;]<\/p>\n","protected":false},"author":1,"featured_media":0,"parent":0,"menu_order":0,"comment_status":"closed","ping_status":"closed","template":"portada-page.php","meta":{"_acf_changed":false,"_coblocks_attr":"","_coblocks_dimensions":"","_coblocks_responsive_height":"","_coblocks_accordion_ie_support":"","footnotes":""},"class_list":["post-610","page","type-page","status-publish","hentry"],"acf":[],"_links":{"self":[{"href":"https:\/\/www.uned.ac.cr\/docencia\/igesca\/visitas\/presscolar\/wp-json\/wp\/v2\/pages\/610","targetHints":{"allow":["GET"]}}],"collection":[{"href":"https:\/\/www.uned.ac.cr\/docencia\/igesca\/visitas\/presscolar\/wp-json\/wp\/v2\/pages"}],"about":[{"href":"https:\/\/www.uned.ac.cr\/docencia\/igesca\/visitas\/presscolar\/wp-json\/wp\/v2\/types\/page"}],"author":[{"embeddable":true,"href":"https:\/\/www.uned.ac.cr\/docencia\/igesca\/visitas\/presscolar\/wp-json\/wp\/v2\/users\/1"}],"replies":[{"embeddable":true,"href":"https:\/\/www.uned.ac.cr\/docencia\/igesca\/visitas\/presscolar\/wp-json\/wp\/v2\/comments?post=610"}],"version-history":[{"count":4,"href":"https:\/\/www.uned.ac.cr\/docencia\/igesca\/visitas\/presscolar\/wp-json\/wp\/v2\/pages\/610\/revisions"}],"predecessor-version":[{"id":2611,"href":"https:\/\/www.uned.ac.cr\/docencia\/igesca\/visitas\/presscolar\/wp-json\/wp\/v2\/pages\/610\/revisions\/2611"}],"wp:attachment":[{"href":"https:\/\/www.uned.ac.cr\/docencia\/igesca\/visitas\/presscolar\/wp-json\/wp\/v2\/media?parent=610"}],"curies":[{"name":"wp","href":"https:\/\/api.w.org\/{rel}","templated":true}]}}