{"id":2,"date":"2020-08-28T17:48:01","date_gmt":"2020-08-28T23:48:01","guid":{"rendered":"https:\/\/www.uned.ac.cr\/academica\/igesca\/visitas\/?page_id=2"},"modified":"2020-10-01T13:19:25","modified_gmt":"2020-10-01T19:19:25","slug":"ayuda-edicion","status":"publish","type":"page","link":"https:\/\/www.uned.ac.cr\/docencia\/igesca\/visitas\/ayuda-edicion\/","title":{"rendered":"Ayuda para edici\u00f3n"},"content":{"rendered":"\n<p>Esta es una p\u00e1gina de ayuda para editores del gestor. En este espacio se colocar\u00e1n c\u00e1psulas con la intenci\u00f3n de proporcinar una ayuda r\u00e1pida a preguntas frecuentes y al consultas sobre el funcionamiento del editor.<\/p>\n\n\n\n<h2 class=\"wp-block-heading\">Crear una p\u00e1gina y a\u00f1adirla al men\u00fa<\/h2>\n\n\n\n<p>Demostraci\u00f3n de c\u00f3mo a\u00f1adir una p\u00e1gina nueva y a\u00f1adirla al men\u00fa principal. Todo desde la vista de usuario.<\/p>\n\n\n\n<div style=\"max-width: 640px\"><div style=\"position: relative; padding-bottom: 56.25%; height: 0; overflow: hidden;\"><iframe loading=\"lazy\" src=\"https:\/\/web.microsoftstream.com\/embed\/video\/0295d398-1957-4cfc-b943-036b3aa1a51d?autoplay=false&amp;showinfo=true\" allowfullscreen=\"\" style=\"border:none; position: absolute; top: 0; left: 0; right: 0; bottom: 0; height: 100%; max-width: 100%;\" width=\"640\" height=\"360\"><\/iframe><\/div><\/div>\n\n\n\n<div style=\"height:60px\" aria-hidden=\"true\" class=\"wp-block-spacer\"><\/div>\n\n\n\n<p>M\u00e1s entradas de ayuda:<\/p>\n\n\n<ul class=\"wp-block-latest-posts__list wp-block-latest-posts\"><li><a class=\"wp-block-latest-posts__post-title\" href=\"https:\/\/www.uned.ac.cr\/docencia\/igesca\/visitas\/blog\/aprobar-un-usuario\/\">Aprobar un usuario<\/a><\/li>\n<\/ul>","protected":false},"excerpt":{"rendered":"<p>Esta es una p\u00e1gina de ayuda para editores del gestor. En este espacio se colocar\u00e1n c\u00e1psulas con la intenci\u00f3n de proporcinar una ayuda r\u00e1pida a preguntas frecuentes y al consultas sobre el funcionamiento del editor. Crear una p\u00e1gina y a\u00f1adirla al men\u00fa Demostraci\u00f3n de c\u00f3mo a\u00f1adir una p\u00e1gina nueva y a\u00f1adirla al men\u00fa principal. Todo [&hellip;]<\/p>\n","protected":false},"author":1,"featured_media":0,"parent":0,"menu_order":0,"comment_status":"closed","ping_status":"open","template":"","meta":{"_acf_changed":false,"_coblocks_attr":"","_coblocks_dimensions":"","_coblocks_responsive_height":"","_coblocks_accordion_ie_support":"","footnotes":""},"class_list":["post-2","page","type-page","status-publish","hentry"],"acf":[],"_links":{"self":[{"href":"https:\/\/www.uned.ac.cr\/docencia\/igesca\/visitas\/wp-json\/wp\/v2\/pages\/2","targetHints":{"allow":["GET"]}}],"collection":[{"href":"https:\/\/www.uned.ac.cr\/docencia\/igesca\/visitas\/wp-json\/wp\/v2\/pages"}],"about":[{"href":"https:\/\/www.uned.ac.cr\/docencia\/igesca\/visitas\/wp-json\/wp\/v2\/types\/page"}],"author":[{"embeddable":true,"href":"https:\/\/www.uned.ac.cr\/docencia\/igesca\/visitas\/wp-json\/wp\/v2\/users\/1"}],"replies":[{"embeddable":true,"href":"https:\/\/www.uned.ac.cr\/docencia\/igesca\/visitas\/wp-json\/wp\/v2\/comments?post=2"}],"version-history":[{"count":6,"href":"https:\/\/www.uned.ac.cr\/docencia\/igesca\/visitas\/wp-json\/wp\/v2\/pages\/2\/revisions"}],"predecessor-version":[{"id":130,"href":"https:\/\/www.uned.ac.cr\/docencia\/igesca\/visitas\/wp-json\/wp\/v2\/pages\/2\/revisions\/130"}],"wp:attachment":[{"href":"https:\/\/www.uned.ac.cr\/docencia\/igesca\/visitas\/wp-json\/wp\/v2\/media?parent=2"}],"curies":[{"name":"wp","href":"https:\/\/api.w.org\/{rel}","templated":true}]}}