{"id":27,"date":"2020-09-18T07:16:06","date_gmt":"2020-09-18T13:16:06","guid":{"rendered":"https:\/\/www.uned.ac.cr\/academica\/igesca\/visitas\/?page_id=27"},"modified":"2022-10-31T16:09:49","modified_gmt":"2022-10-31T22:09:49","slug":"sitios-de-visitas","status":"publish","type":"page","link":"https:\/\/www.uned.ac.cr\/docencia\/igesca\/visitas\/","title":{"rendered":"Bienvenida"},"content":{"rendered":"\n<p>La acreditaci\u00f3n es el proceso de evaluaci\u00f3n basado en est\u00e1ndares y criterios de calidad previamente establecidos que es llevado a cabo por un organismo externo y que procura garantizar la calidad de una carrera o programa educativo.<\/p>\n\n\n\n<p>El prop\u00f3sito de los procesos de acreditaci\u00f3n que promueve el <a href=\"https:\/\/www.sinaes.ac.cr\/\" target=\"_blank\" rel=\"noreferrer noopener\">SINAES<\/a> es identificar para la sociedad costarricense, aquellas carreras y programas universitarios que cumplan con los requisitos de calidad establecidos por el SINAES y con ello mejorar la calidad de los programas y carreras que ofrecen las instituciones universitarias y garantizar p\u00fablicamente la calidad de estos.<\/p>\n\n\n\n<p>Como consecuencia del COVID-19, las visitas y reuniones para los procesos de acreditaci\u00f3n se planean ahora de forma virtual. Por ello, la UNED crea y pone a disposici\u00f3n estos espacios virtuales para compartir la informaci\u00f3n esencial del contexto educativo, social y profesional de las carreras en proceso de acreditaci\u00f3n.<\/p>\n\n\n<div id=\"sitios-block_f379b16a396dffd66dfc26fa3554d10a\" class=\"sitios-container\">\n\t\t\t\t\t\t<div class=\"item-sitio\">\n\n\t\t\t\t\n\t\t\t\t<a href=\"https:\/\/www.uned.ac.cr\/academica\/igesca\/visitas\/administracion-educativa\/\" target=\"_self\" title=\"\">\n\t\t\t\t\t<div class=\"portada-sitio\">\n\n\t\t\t\t\t\t<img loading=\"lazy\" decoding=\"async\" width=\"960\" height=\"540\" src=\"https:\/\/www.uned.ac.cr\/docencia\/igesca\/visitas\/wp-content\/uploads\/2022\/10\/Sitio-Web-landing-page-diseno-delicado-minimalista-para-joyas-hechas-a-mano-dorado-y-beis-2.png\" class=\"attachment-large size-large\" alt=\"Tres personas conversando\" srcset=\"https:\/\/www.uned.ac.cr\/docencia\/igesca\/visitas\/wp-content\/uploads\/2022\/10\/Sitio-Web-landing-page-diseno-delicado-minimalista-para-joyas-hechas-a-mano-dorado-y-beis-2.png 960w, https:\/\/www.uned.ac.cr\/docencia\/igesca\/visitas\/wp-content\/uploads\/2022\/10\/Sitio-Web-landing-page-diseno-delicado-minimalista-para-joyas-hechas-a-mano-dorado-y-beis-2-300x169.png 300w, https:\/\/www.uned.ac.cr\/docencia\/igesca\/visitas\/wp-content\/uploads\/2022\/10\/Sitio-Web-landing-page-diseno-delicado-minimalista-para-joyas-hechas-a-mano-dorado-y-beis-2-768x432.png 768w\" sizes=\"auto, (max-width: 960px) 100vw, 960px\" \/>\t\t\t\t\t<\/div>\n\t\t\t\t<\/a>\n\n\t\t\t\t<div class=\"texto-sitio\">\n\n\t\t\t\t\t<h3 class=\"nombre-sitio\">\n\t\t\t\t\t<a href=\"https:\/\/www.uned.ac.cr\/academica\/igesca\/visitas\/administracion-educativa\/\" target=\"_self\" title=\"\">\n\t\t\t\t\t\t\tBachillerato en Administraci\u00f3n Educativa Licenciatura en Administraci\u00f3n Educativa\t\t\t\t\t\t<\/a>\n\t\t\t\t\t<\/h3>\n\t\t\t\t\t<p><p>Fecha: 9 &#8211; 11 de noviembre de 2022<\/p>\n<\/p>\n\t\t\t\t<\/div>\n\n\n\t\t\t<\/div>\n\t\t\t\t\t<div class=\"item-sitio\">\n\n\t\t\t\t\n\t\t\t\t<a href=\"https:\/\/www.uned.ac.cr\/academica\/igesca\/visitas\/administracion-educativa\/\" target=\"_self\" title=\"\">\n\t\t\t\t\t<div class=\"portada-sitio\">\n\n\t\t\t\t\t\t<img loading=\"lazy\" decoding=\"async\" width=\"800\" height=\"600\" src=\"https:\/\/www.uned.ac.cr\/docencia\/igesca\/visitas\/wp-content\/uploads\/2022\/10\/proy-6.jpg\" class=\"attachment-large size-large\" alt=\"Personas trabajando en el campo\" srcset=\"https:\/\/www.uned.ac.cr\/docencia\/igesca\/visitas\/wp-content\/uploads\/2022\/10\/proy-6.jpg 800w, https:\/\/www.uned.ac.cr\/docencia\/igesca\/visitas\/wp-content\/uploads\/2022\/10\/proy-6-300x225.jpg 300w, https:\/\/www.uned.ac.cr\/docencia\/igesca\/visitas\/wp-content\/uploads\/2022\/10\/proy-6-768x576.jpg 768w\" sizes=\"auto, (max-width: 800px) 100vw, 800px\" \/>\t\t\t\t\t<\/div>\n\t\t\t\t<\/a>\n\n\t\t\t\t<div class=\"texto-sitio\">\n\n\t\t\t\t\t<h3 class=\"nombre-sitio\">\n\t\t\t\t\t<a href=\"https:\/\/www.uned.ac.cr\/academica\/igesca\/visitas\/administracion-educativa\/\" target=\"_self\" title=\"\">\n\t\t\t\t\t\t\tIngenier\u00eda Agron\u00f3mica\t\t\t\t\t\t<\/a>\n\t\t\t\t\t<\/h3>\n\t\t\t\t\t<p><p>Fecha: 17 &#8211; 23 de agosto, 2022<\/p>\n<\/p>\n\t\t\t\t<\/div>\n\n\n\t\t\t<\/div>\n\t\t\t\t\t<div class=\"item-sitio\">\n\n\t\t\t\t\n\t\t\t\t<a href=\"https:\/\/www.uned.ac.cr\/academica\/igesca\/visitas\/matematica\/\" target=\"_self\" title=\"\">\n\t\t\t\t\t<div class=\"portada-sitio\">\n\n\t\t\t\t\t\t<img loading=\"lazy\" decoding=\"async\" width=\"1024\" height=\"240\" src=\"https:\/\/www.uned.ac.cr\/docencia\/igesca\/visitas\/wp-content\/uploads\/2022\/10\/cropped-practica_docente-1024x240.jpg\" class=\"attachment-large size-large\" alt=\"Mano de persona escribiendo en una pizarra con un marcador\" srcset=\"https:\/\/www.uned.ac.cr\/docencia\/igesca\/visitas\/wp-content\/uploads\/2022\/10\/cropped-practica_docente-1024x240.jpg 1024w, https:\/\/www.uned.ac.cr\/docencia\/igesca\/visitas\/wp-content\/uploads\/2022\/10\/cropped-practica_docente-300x70.jpg 300w, https:\/\/www.uned.ac.cr\/docencia\/igesca\/visitas\/wp-content\/uploads\/2022\/10\/cropped-practica_docente-768x180.jpg 768w, https:\/\/www.uned.ac.cr\/docencia\/igesca\/visitas\/wp-content\/uploads\/2022\/10\/cropped-practica_docente.jpg 1280w\" sizes=\"auto, (max-width: 1024px) 100vw, 1024px\" \/>\t\t\t\t\t<\/div>\n\t\t\t\t<\/a>\n\n\t\t\t\t<div class=\"texto-sitio\">\n\n\t\t\t\t\t<h3 class=\"nombre-sitio\">\n\t\t\t\t\t<a href=\"https:\/\/www.uned.ac.cr\/academica\/igesca\/visitas\/matematica\/\" target=\"_self\" title=\"\">\n\t\t\t\t\t\t\tEnse\u00f1anza de la matem\u00e1tica\t\t\t\t\t\t<\/a>\n\t\t\t\t\t<\/h3>\n\t\t\t\t\t<p><p>Fecha: 17 &#8211; 23 de noviembre, 2021<\/p>\n<\/p>\n\t\t\t\t<\/div>\n\n\n\t\t\t<\/div>\n\t\t\t\t\t<div class=\"item-sitio\">\n\n\t\t\t\t\n\t\t\t\t<a href=\"https:\/\/www.uned.ac.cr\/academica\/igesca\/visitas\/conglomerado-eca\/\" target=\"_blank\" title=\"\">\n\t\t\t\t\t<div class=\"portada-sitio\">\n\n\t\t\t\t\t\t<img loading=\"lazy\" decoding=\"async\" width=\"1000\" height=\"300\" src=\"https:\/\/www.uned.ac.cr\/docencia\/igesca\/visitas\/wp-content\/uploads\/2021\/11\/PHOTO-2021-10-27-12-30-08-ajust-1.jpeg\" class=\"attachment-large size-large\" alt=\"collage de fotos de funcionarios de la carrera\" srcset=\"https:\/\/www.uned.ac.cr\/docencia\/igesca\/visitas\/wp-content\/uploads\/2021\/11\/PHOTO-2021-10-27-12-30-08-ajust-1.jpeg 1000w, https:\/\/www.uned.ac.cr\/docencia\/igesca\/visitas\/wp-content\/uploads\/2021\/11\/PHOTO-2021-10-27-12-30-08-ajust-1-300x90.jpeg 300w, https:\/\/www.uned.ac.cr\/docencia\/igesca\/visitas\/wp-content\/uploads\/2021\/11\/PHOTO-2021-10-27-12-30-08-ajust-1-768x230.jpeg 768w\" sizes=\"auto, (max-width: 1000px) 100vw, 1000px\" \/>\t\t\t\t\t<\/div>\n\t\t\t\t<\/a>\n\n\t\t\t\t<div class=\"texto-sitio\">\n\n\t\t\t\t\t<h3 class=\"nombre-sitio\">\n\t\t\t\t\t<a href=\"https:\/\/www.uned.ac.cr\/academica\/igesca\/visitas\/conglomerado-eca\/\" target=\"_blank\" title=\"\">\n\t\t\t\t\t\t\tConglomerado de Carreras de la Escuela de Ciencias de la Administraci\u00f3n\t\t\t\t\t\t<\/a>\n\t\t\t\t\t<\/h3>\n\t\t\t\t\t<p><p>Fecha: 3 &#8211; 9 de noviembre de 2021<\/p>\n<\/p>\n\t\t\t\t<\/div>\n\n\n\t\t\t<\/div>\n\t\t\t\t\t<div class=\"item-sitio\">\n\n\t\t\t\t\n\t\t\t\t<a href=\"https:\/\/www.uned.ac.cr\/academica\/igesca\/visitas\/manejo-recursos-naturales\/\" target=\"_self\" title=\"\">\n\t\t\t\t\t<div class=\"portada-sitio\">\n\n\t\t\t\t\t\t<img loading=\"lazy\" decoding=\"async\" width=\"1024\" height=\"691\" src=\"https:\/\/www.uned.ac.cr\/docencia\/igesca\/visitas\/wp-content\/uploads\/2021\/10\/VRINVIEJA-1536x1036-1-1024x691.jpeg\" class=\"attachment-large size-large\" alt=\"\" srcset=\"https:\/\/www.uned.ac.cr\/docencia\/igesca\/visitas\/wp-content\/uploads\/2021\/10\/VRINVIEJA-1536x1036-1-1024x691.jpeg 1024w, https:\/\/www.uned.ac.cr\/docencia\/igesca\/visitas\/wp-content\/uploads\/2021\/10\/VRINVIEJA-1536x1036-1-300x202.jpeg 300w, https:\/\/www.uned.ac.cr\/docencia\/igesca\/visitas\/wp-content\/uploads\/2021\/10\/VRINVIEJA-1536x1036-1-768x518.jpeg 768w, https:\/\/www.uned.ac.cr\/docencia\/igesca\/visitas\/wp-content\/uploads\/2021\/10\/VRINVIEJA-1536x1036-1.jpeg 1536w\" sizes=\"auto, (max-width: 1024px) 100vw, 1024px\" \/>\t\t\t\t\t<\/div>\n\t\t\t\t<\/a>\n\n\t\t\t\t<div class=\"texto-sitio\">\n\n\t\t\t\t\t<h3 class=\"nombre-sitio\">\n\t\t\t\t\t<a href=\"https:\/\/www.uned.ac.cr\/academica\/igesca\/visitas\/manejo-recursos-naturales\/\" target=\"_self\" title=\"\">\n\t\t\t\t\t\t\tManejo de Recursos Naturales\t\t\t\t\t\t<\/a>\n\t\t\t\t\t<\/h3>\n\t\t\t\t\t<p><p>Fecha: 27 de octubre al 2 de noviembre, 2021<\/p>\n<\/p>\n\t\t\t\t<\/div>\n\n\n\t\t\t<\/div>\n\t\t\t\t\t<div class=\"item-sitio\">\n\n\t\t\t\t\n\t\t\t\t<a href=\"https:\/\/www.uned.ac.cr\/academica\/igesca\/visitas\/presscolar\/\" target=\"_self\" title=\"Preescolar\">\n\t\t\t\t\t<div class=\"portada-sitio\">\n\n\t\t\t\t\t\t<img loading=\"lazy\" decoding=\"async\" width=\"1024\" height=\"768\" src=\"https:\/\/www.uned.ac.cr\/docencia\/igesca\/visitas\/wp-content\/uploads\/2021\/09\/gautam-arora-OVDtgUhUPBY-unsplash-1024x768.jpeg\" class=\"attachment-large size-large\" alt=\"letras de madera sobre un pupitre\" srcset=\"https:\/\/www.uned.ac.cr\/docencia\/igesca\/visitas\/wp-content\/uploads\/2021\/09\/gautam-arora-OVDtgUhUPBY-unsplash-1024x768.jpeg 1024w, https:\/\/www.uned.ac.cr\/docencia\/igesca\/visitas\/wp-content\/uploads\/2021\/09\/gautam-arora-OVDtgUhUPBY-unsplash-300x225.jpeg 300w, https:\/\/www.uned.ac.cr\/docencia\/igesca\/visitas\/wp-content\/uploads\/2021\/09\/gautam-arora-OVDtgUhUPBY-unsplash-768x576.jpeg 768w, https:\/\/www.uned.ac.cr\/docencia\/igesca\/visitas\/wp-content\/uploads\/2021\/09\/gautam-arora-OVDtgUhUPBY-unsplash.jpeg 1280w\" sizes=\"auto, (max-width: 1024px) 100vw, 1024px\" \/>\t\t\t\t\t<\/div>\n\t\t\t\t<\/a>\n\n\t\t\t\t<div class=\"texto-sitio\">\n\n\t\t\t\t\t<h3 class=\"nombre-sitio\">\n\t\t\t\t\t<a href=\"https:\/\/www.uned.ac.cr\/academica\/igesca\/visitas\/presscolar\/\" target=\"_self\" title=\"Preescolar\">\n\t\t\t\t\t\t\tPreescolar\t\t\t\t\t\t<\/a>\n\t\t\t\t\t<\/h3>\n\t\t\t\t\t<p><p>Visita de evaluaci\u00f3n de pares virtual para la carrera de Diplomado, Bachillerato y Licenciatura en Educaci\u00f3n Preescolar<br \/>\nFecha: 13 al 19 de octubre, 2021<\/p>\n<\/p>\n\t\t\t\t<\/div>\n\n\n\t\t\t<\/div>\n\t\t\t\t\t<div class=\"item-sitio\">\n\n\t\t\t\t\n\t\t\t\t<a href=\"https:\/\/www.uned.ac.cr\/academica\/igesca\/visitas\/psicopedagogia\/\" target=\"_self\" title=\"\">\n\t\t\t\t\t<div class=\"portada-sitio\">\n\n\t\t\t\t\t\t<img loading=\"lazy\" decoding=\"async\" width=\"1024\" height=\"240\" src=\"https:\/\/www.uned.ac.cr\/docencia\/igesca\/visitas\/wp-content\/uploads\/2021\/10\/2-1-1024x240.png\" class=\"attachment-large size-large\" alt=\"iconos de personas con discapacidades\" srcset=\"https:\/\/www.uned.ac.cr\/docencia\/igesca\/visitas\/wp-content\/uploads\/2021\/10\/2-1-1024x240.png 1024w, https:\/\/www.uned.ac.cr\/docencia\/igesca\/visitas\/wp-content\/uploads\/2021\/10\/2-1-300x70.png 300w, https:\/\/www.uned.ac.cr\/docencia\/igesca\/visitas\/wp-content\/uploads\/2021\/10\/2-1-768x180.png 768w, https:\/\/www.uned.ac.cr\/docencia\/igesca\/visitas\/wp-content\/uploads\/2021\/10\/2-1.png 1280w\" sizes=\"auto, (max-width: 1024px) 100vw, 1024px\" \/>\t\t\t\t\t<\/div>\n\t\t\t\t<\/a>\n\n\t\t\t\t<div class=\"texto-sitio\">\n\n\t\t\t\t\t<h3 class=\"nombre-sitio\">\n\t\t\t\t\t<a href=\"https:\/\/www.uned.ac.cr\/academica\/igesca\/visitas\/psicopedagogia\/\" target=\"_self\" title=\"\">\n\t\t\t\t\t\t\tMaestr\u00eda Profesional en Psicopedagog\u00eda\t\t\t\t\t\t<\/a>\n\t\t\t\t\t<\/h3>\n\t\t\t\t\t<p><p>Visita de evaluaci\u00f3n de pares virtual para la carrera de Maestr\u00eda Profesional en Psicopedagog\u00eda<br \/>\nFecha: 20 al 24 de setiembre, 2021<\/p>\n<\/p>\n\t\t\t\t<\/div>\n\n\n\t\t\t<\/div>\n\t\t\t\t\t<div class=\"item-sitio\">\n\n\t\t\t\t\n\t\t\t\t<a href=\"http:\/\/www.uned.ac.cr\/academica\/igesca\/visitas\/docencia\/\" target=\"_self\" title=\"\">\n\t\t\t\t\t<div class=\"portada-sitio\">\n\n\t\t\t\t\t\t<img loading=\"lazy\" decoding=\"async\" width=\"1024\" height=\"389\" src=\"https:\/\/www.uned.ac.cr\/docencia\/igesca\/visitas\/wp-content\/uploads\/2020\/10\/C_1-2-1536x584-1-1024x389.png\" class=\"attachment-large size-large\" alt=\"tele\u00e9fono, aud\u00edfonos y una laptop vistos desde arriba\" srcset=\"https:\/\/www.uned.ac.cr\/docencia\/igesca\/visitas\/wp-content\/uploads\/2020\/10\/C_1-2-1536x584-1-1024x389.png 1024w, https:\/\/www.uned.ac.cr\/docencia\/igesca\/visitas\/wp-content\/uploads\/2020\/10\/C_1-2-1536x584-1-300x114.png 300w, https:\/\/www.uned.ac.cr\/docencia\/igesca\/visitas\/wp-content\/uploads\/2020\/10\/C_1-2-1536x584-1-768x292.png 768w, https:\/\/www.uned.ac.cr\/docencia\/igesca\/visitas\/wp-content\/uploads\/2020\/10\/C_1-2-1536x584-1.png 1536w\" sizes=\"auto, (max-width: 1024px) 100vw, 1024px\" \/>\t\t\t\t\t<\/div>\n\t\t\t\t<\/a>\n\n\t\t\t\t<div class=\"texto-sitio\">\n\n\t\t\t\t\t<h3 class=\"nombre-sitio\">\n\t\t\t\t\t<a href=\"http:\/\/www.uned.ac.cr\/academica\/igesca\/visitas\/docencia\/\" target=\"_self\" title=\"\">\n\t\t\t\t\t\t\tLicenciatura en Docencia\t\t\t\t\t\t<\/a>\n\t\t\t\t\t<\/h3>\n\t\t\t\t\t<p><p>Visita virtual de par evaluadora externa para Carrera Licenciatura en Docencia de la Escuela de Ciencias de la Educaci\u00f3n<br \/>\n4 y 5 de marzo, 2021<\/p>\n<\/p>\n\t\t\t\t<\/div>\n\n\n\t\t\t<\/div>\n\t\t\t\t\t<div class=\"item-sitio\">\n\n\t\t\t\t\n\t\t\t\t<a href=\"http:\/\/www.uned.ac.cr\/academica\/igesca\/visitas\/informatica\/\" target=\"_self\" title=\"\">\n\t\t\t\t\t<div class=\"portada-sitio\">\n\n\t\t\t\t\t\t<img loading=\"lazy\" decoding=\"async\" width=\"1024\" height=\"684\" src=\"https:\/\/www.uned.ac.cr\/docencia\/igesca\/visitas\/wp-content\/uploads\/2021\/02\/25388931814_e155f4d955_k-1024x684.jpg\" class=\"attachment-large size-large\" alt=\"Mujer con una computadora frente a un cuarto de servidores\" srcset=\"https:\/\/www.uned.ac.cr\/docencia\/igesca\/visitas\/wp-content\/uploads\/2021\/02\/25388931814_e155f4d955_k-1024x684.jpg 1024w, https:\/\/www.uned.ac.cr\/docencia\/igesca\/visitas\/wp-content\/uploads\/2021\/02\/25388931814_e155f4d955_k-300x200.jpg 300w, https:\/\/www.uned.ac.cr\/docencia\/igesca\/visitas\/wp-content\/uploads\/2021\/02\/25388931814_e155f4d955_k-768x513.jpg 768w, https:\/\/www.uned.ac.cr\/docencia\/igesca\/visitas\/wp-content\/uploads\/2021\/02\/25388931814_e155f4d955_k-1536x1025.jpg 1536w, https:\/\/www.uned.ac.cr\/docencia\/igesca\/visitas\/wp-content\/uploads\/2021\/02\/25388931814_e155f4d955_k.jpg 2048w\" sizes=\"auto, (max-width: 1024px) 100vw, 1024px\" \/>\t\t\t\t\t<\/div>\n\t\t\t\t<\/a>\n\n\t\t\t\t<div class=\"texto-sitio\">\n\n\t\t\t\t\t<h3 class=\"nombre-sitio\">\n\t\t\t\t\t<a href=\"http:\/\/www.uned.ac.cr\/academica\/igesca\/visitas\/informatica\/\" target=\"_self\" title=\"\">\n\t\t\t\t\t\t\tLicenciatura en Inform\u00e1ica \t\t\t\t\t\t<\/a>\n\t\t\t\t\t<\/h3>\n\t\t\t\t\t<p><p>Visita de evaluaci\u00f3n de pares virtual para las carreras de Ingenier\u00eda Inform\u00e1tica<br \/>\nDel 24 de febrero al 2 de marzo, 2021<\/p>\n<\/p>\n\t\t\t\t<\/div>\n\n\n\t\t\t<\/div>\n\t\t\t\t\t<div class=\"item-sitio\">\n\n\t\t\t\t\n\t\t\t\t<a href=\"https:\/\/www.uned.ac.cr\/academica\/igesca\/visitas\/educacion-especial\/\" target=\"_self\" title=\"\">\n\t\t\t\t\t<div class=\"portada-sitio\">\n\n\t\t\t\t\t\t<img loading=\"lazy\" decoding=\"async\" width=\"1024\" height=\"389\" src=\"https:\/\/www.uned.ac.cr\/docencia\/igesca\/visitas\/wp-content\/uploads\/2020\/10\/C_1-2-1536x584-1-1024x389.png\" class=\"attachment-large size-large\" alt=\"tele\u00e9fono, aud\u00edfonos y una laptop vistos desde arriba\" srcset=\"https:\/\/www.uned.ac.cr\/docencia\/igesca\/visitas\/wp-content\/uploads\/2020\/10\/C_1-2-1536x584-1-1024x389.png 1024w, https:\/\/www.uned.ac.cr\/docencia\/igesca\/visitas\/wp-content\/uploads\/2020\/10\/C_1-2-1536x584-1-300x114.png 300w, https:\/\/www.uned.ac.cr\/docencia\/igesca\/visitas\/wp-content\/uploads\/2020\/10\/C_1-2-1536x584-1-768x292.png 768w, https:\/\/www.uned.ac.cr\/docencia\/igesca\/visitas\/wp-content\/uploads\/2020\/10\/C_1-2-1536x584-1.png 1536w\" sizes=\"auto, (max-width: 1024px) 100vw, 1024px\" \/>\t\t\t\t\t<\/div>\n\t\t\t\t<\/a>\n\n\t\t\t\t<div class=\"texto-sitio\">\n\n\t\t\t\t\t<h3 class=\"nombre-sitio\">\n\t\t\t\t\t<a href=\"https:\/\/www.uned.ac.cr\/academica\/igesca\/visitas\/educacion-especial\/\" target=\"_self\" title=\"\">\n\t\t\t\t\t\t\tBachillerato en Educaci\u00f3n Especial\t\t\t\t\t\t<\/a>\n\t\t\t\t\t<\/h3>\n\t\t\t\t\t<p><p>Escuela de Ciencias de la Educaci\u00f3n<br \/>\n28 al 30 de octubre, 2020<\/p>\n<\/p>\n\t\t\t\t<\/div>\n\n\n\t\t\t<\/div>\n\t\t\t\t\t<div class=\"item-sitio\">\n\n\t\t\t\t\n\t\t\t\t<a href=\"https:\/\/www.uned.ac.cr\/academica\/igesca\/visitas\/turismo\/\" target=\"_self\" title=\"\">\n\t\t\t\t\t<div class=\"portada-sitio\">\n\n\t\t\t\t\t\t<img loading=\"lazy\" decoding=\"async\" width=\"1024\" height=\"324\" src=\"https:\/\/www.uned.ac.cr\/docencia\/igesca\/visitas\/wp-content\/uploads\/2020\/09\/shutterstock_721972780-web-1024x324.jpg\" class=\"attachment-large size-large\" alt=\"Fotograf\u00eda de un volc\u00e1n a lo lejos\" srcset=\"https:\/\/www.uned.ac.cr\/docencia\/igesca\/visitas\/wp-content\/uploads\/2020\/09\/shutterstock_721972780-web-1024x324.jpg 1024w, https:\/\/www.uned.ac.cr\/docencia\/igesca\/visitas\/wp-content\/uploads\/2020\/09\/shutterstock_721972780-web-300x95.jpg 300w, https:\/\/www.uned.ac.cr\/docencia\/igesca\/visitas\/wp-content\/uploads\/2020\/09\/shutterstock_721972780-web-768x243.jpg 768w, https:\/\/www.uned.ac.cr\/docencia\/igesca\/visitas\/wp-content\/uploads\/2020\/09\/shutterstock_721972780-web-1536x486.jpg 1536w, https:\/\/www.uned.ac.cr\/docencia\/igesca\/visitas\/wp-content\/uploads\/2020\/09\/shutterstock_721972780-web-2048x649.jpg 2048w\" sizes=\"auto, (max-width: 1024px) 100vw, 1024px\" \/>\t\t\t\t\t<\/div>\n\t\t\t\t<\/a>\n\n\t\t\t\t<div class=\"texto-sitio\">\n\n\t\t\t\t\t<h3 class=\"nombre-sitio\">\n\t\t\t\t\t<a href=\"https:\/\/www.uned.ac.cr\/academica\/igesca\/visitas\/turismo\/\" target=\"_self\" title=\"\">\n\t\t\t\t\t\t\tGesti\u00f3n Tur\u00edstica Sostenible\/Gesti\u00f3n y Gerencia del Turismo Sostenible\t\t\t\t\t\t<\/a>\n\t\t\t\t\t<\/h3>\n\t\t\t\t\t<p><p>Escuela de Ciencias Sociales y Humanidades<br \/>\n5 de octubre, 2020 <\/p>\n<\/p>\n\t\t\t\t<\/div>\n\n\n\t\t\t<\/div>\n\t\t\t\n<\/div>","protected":false},"excerpt":{"rendered":"<p>La acreditaci\u00f3n es el proceso de evaluaci\u00f3n basado en est\u00e1ndares y criterios de calidad previamente establecidos que es llevado a cabo por un organismo externo y que procura garantizar la calidad de una carrera o programa educativo. El prop\u00f3sito de los procesos de acreditaci\u00f3n que promueve el SINAES es identificar para la sociedad costarricense, aquellas [&hellip;]<\/p>\n","protected":false},"author":1,"featured_media":0,"parent":0,"menu_order":0,"comment_status":"closed","ping_status":"closed","template":"page-templates\/page-nosidebar.php","meta":{"_acf_changed":false,"_coblocks_attr":"","_coblocks_dimensions":"","_coblocks_responsive_height":"","_coblocks_accordion_ie_support":"","footnotes":""},"class_list":["post-27","page","type-page","status-publish","hentry"],"acf":[],"_links":{"self":[{"href":"https:\/\/www.uned.ac.cr\/docencia\/igesca\/visitas\/wp-json\/wp\/v2\/pages\/27","targetHints":{"allow":["GET"]}}],"collection":[{"href":"https:\/\/www.uned.ac.cr\/docencia\/igesca\/visitas\/wp-json\/wp\/v2\/pages"}],"about":[{"href":"https:\/\/www.uned.ac.cr\/docencia\/igesca\/visitas\/wp-json\/wp\/v2\/types\/page"}],"author":[{"embeddable":true,"href":"https:\/\/www.uned.ac.cr\/docencia\/igesca\/visitas\/wp-json\/wp\/v2\/users\/1"}],"replies":[{"embeddable":true,"href":"https:\/\/www.uned.ac.cr\/docencia\/igesca\/visitas\/wp-json\/wp\/v2\/comments?post=27"}],"version-history":[{"count":40,"href":"https:\/\/www.uned.ac.cr\/docencia\/igesca\/visitas\/wp-json\/wp\/v2\/pages\/27\/revisions"}],"predecessor-version":[{"id":315,"href":"https:\/\/www.uned.ac.cr\/docencia\/igesca\/visitas\/wp-json\/wp\/v2\/pages\/27\/revisions\/315"}],"wp:attachment":[{"href":"https:\/\/www.uned.ac.cr\/docencia\/igesca\/visitas\/wp-json\/wp\/v2\/media?parent=27"}],"curies":[{"name":"wp","href":"https:\/\/api.w.org\/{rel}","templated":true}]}}