{"id":38,"date":"2022-03-21T03:28:53","date_gmt":"2022-03-21T03:28:53","guid":{"rendered":"https:\/\/webdesarrollo.uned.ac.cr\/vicom\/?page_id=38"},"modified":"2024-04-24T12:40:08","modified_gmt":"2024-04-24T18:40:08","slug":"servicios","status":"publish","type":"page","link":"https:\/\/www.uned.ac.cr\/dpmd\/vicom\/servicios\/","title":{"rendered":"Servicios"},"content":{"rendered":"\t\t<div data-elementor-type=\"wp-page\" data-elementor-id=\"38\" class=\"elementor elementor-38\" data-elementor-post-type=\"page\">\n\t\t\t\t\t\t<section class=\"elementor-section elementor-top-section elementor-element elementor-element-dc933ad elementor-section-full_width elementor-section-height-default elementor-section-height-default\" data-id=\"dc933ad\" data-element_type=\"section\" data-e-type=\"section\">\n\t\t\t\t\t\t<div class=\"elementor-container elementor-column-gap-default\">\n\t\t\t\t\t<div class=\"elementor-column elementor-col-100 elementor-top-column elementor-element elementor-element-1d9df7c\" data-id=\"1d9df7c\" data-element_type=\"column\" data-e-type=\"column\">\n\t\t\t<div class=\"elementor-widget-wrap elementor-element-populated\">\n\t\t\t\t\t\t<div class=\"elementor-element elementor-element-76ba09a titles-h1-size elementor-widget elementor-widget-heading\" data-id=\"76ba09a\" data-element_type=\"widget\" data-e-type=\"widget\" data-widget_type=\"heading.default\">\n\t\t\t\t<div class=\"elementor-widget-container\">\n\t\t\t\t\t<h1 class=\"elementor-heading-title elementor-size-default\">SERVICIOS<\/h1>\t\t\t\t<\/div>\n\t\t\t\t<\/div>\n\t\t\t\t\t<\/div>\n\t\t<\/div>\n\t\t\t\t\t<\/div>\n\t\t<\/section>\n\t\t\t\t<section class=\"elementor-section elementor-top-section elementor-element elementor-element-e32f83e elementor-section-full_width elementor-section-height-default elementor-section-height-default\" data-id=\"e32f83e\" data-element_type=\"section\" data-e-type=\"section\">\n\t\t\t\t\t\t<div class=\"elementor-container elementor-column-gap-default\">\n\t\t\t\t\t<div class=\"elementor-column elementor-col-100 elementor-top-column elementor-element elementor-element-312de31\" data-id=\"312de31\" data-element_type=\"column\" data-e-type=\"column\">\n\t\t\t<div class=\"elementor-widget-wrap elementor-element-populated\">\n\t\t\t\t\t\t<section class=\"elementor-section elementor-inner-section elementor-element elementor-element-a2d60e3 elementor-section-full_width elementor-section-height-default elementor-section-height-default\" data-id=\"a2d60e3\" data-element_type=\"section\" data-e-type=\"section\">\n\t\t\t\t\t\t<div class=\"elementor-container elementor-column-gap-no\">\n\t\t\t\t\t<div class=\"elementor-column elementor-col-50 elementor-inner-column elementor-element elementor-element-f9aa3a2\" data-id=\"f9aa3a2\" data-element_type=\"column\" data-e-type=\"column\" data-settings=\"{&quot;background_background&quot;:&quot;classic&quot;}\">\n\t\t\t<div class=\"elementor-widget-wrap elementor-element-populated\">\n\t\t\t\t\t\t<div class=\"elementor-element elementor-element-34e09ed tamano-cuadro elementor-widget elementor-widget-image\" data-id=\"34e09ed\" data-element_type=\"widget\" data-e-type=\"widget\" data-widget_type=\"image.default\">\n\t\t\t\t<div class=\"elementor-widget-container\">\n\t\t\t\t\t\t\t\t\t\t\t\t\t\t\t<img fetchpriority=\"high\" decoding=\"async\" width=\"235\" height=\"228\" src=\"https:\/\/www.uned.ac.cr\/dpmd\/vicom\/wp-content\/uploads\/2022\/05\/Iconos-servicios-01.png\" class=\"attachment-large size-large wp-image-2414\" alt=\"icono planeta\" \/>\t\t\t\t\t\t\t\t\t\t\t\t\t\t\t<\/div>\n\t\t\t\t<\/div>\n\t\t\t\t\t<\/div>\n\t\t<\/div>\n\t\t\t\t<div class=\"elementor-column elementor-col-50 elementor-inner-column elementor-element elementor-element-949e6ab\" data-id=\"949e6ab\" data-element_type=\"column\" data-e-type=\"column\">\n\t\t\t<div class=\"elementor-widget-wrap elementor-element-populated\">\n\t\t\t\t\t\t<div class=\"elementor-element elementor-element-3e30db3 title-services elementor-widget elementor-widget-heading\" data-id=\"3e30db3\" data-element_type=\"widget\" data-e-type=\"widget\" data-widget_type=\"heading.default\">\n\t\t\t\t<div class=\"elementor-widget-container\">\n\t\t\t\t\t<h2 class=\"elementor-heading-title elementor-size-default\">VIDEOTRANSMISIONES<\/h2>\t\t\t\t<\/div>\n\t\t\t\t<\/div>\n\t\t\t\t<div class=\"elementor-element elementor-element-5f595de elementor-widget elementor-widget-text-editor\" data-id=\"5f595de\" data-element_type=\"widget\" data-e-type=\"widget\" data-widget_type=\"text-editor.default\">\n\t\t\t\t<div class=\"elementor-widget-container\">\n\t\t\t\t\t\t\t\t\t<p>Solicite aqu\u00ed el servicio de producci\u00f3n para el desarrollo de videotransmisiones especializadas.<\/p>\t\t\t\t\t\t\t\t<\/div>\n\t\t\t\t<\/div>\n\t\t\t\t<div class=\"elementor-element elementor-element-311ac6a elementor-mobile-align-left elementor-widget elementor-widget-button\" data-id=\"311ac6a\" data-element_type=\"widget\" data-e-type=\"widget\" data-widget_type=\"button.default\">\n\t\t\t\t<div class=\"elementor-widget-container\">\n\t\t\t\t\t\t\t\t\t<div class=\"elementor-button-wrapper\">\n\t\t\t\t\t<a class=\"elementor-button elementor-button-link elementor-size-xs\" href=\"https:\/\/forms.office.com\/r\/tHJKumR4gA\" target=\"_blank\">\n\t\t\t\t\t\t<span class=\"elementor-button-content-wrapper\">\n\t\t\t\t\t\t\t\t\t<span class=\"elementor-button-text\">Solicitar servicio<\/span>\n\t\t\t\t\t<\/span>\n\t\t\t\t\t<\/a>\n\t\t\t\t<\/div>\n\t\t\t\t\t\t\t\t<\/div>\n\t\t\t\t<\/div>\n\t\t\t\t\t<\/div>\n\t\t<\/div>\n\t\t\t\t\t<\/div>\n\t\t<\/section>\n\t\t\t\t<section class=\"elementor-section elementor-inner-section elementor-element elementor-element-bdb6a89 elementor-section-full_width elementor-section-height-default elementor-section-height-default\" data-id=\"bdb6a89\" data-element_type=\"section\" data-e-type=\"section\">\n\t\t\t\t\t\t<div class=\"elementor-container elementor-column-gap-no\">\n\t\t\t\t\t<div class=\"elementor-column elementor-col-50 elementor-inner-column elementor-element elementor-element-c41bcf0\" data-id=\"c41bcf0\" data-element_type=\"column\" data-e-type=\"column\" data-settings=\"{&quot;background_background&quot;:&quot;classic&quot;}\">\n\t\t\t<div class=\"elementor-widget-wrap elementor-element-populated\">\n\t\t\t\t\t\t<div class=\"elementor-element elementor-element-99d4f1c tamano-cuadro elementor-widget elementor-widget-image\" data-id=\"99d4f1c\" data-element_type=\"widget\" data-e-type=\"widget\" data-widget_type=\"image.default\">\n\t\t\t\t<div class=\"elementor-widget-container\">\n\t\t\t\t\t\t\t\t\t\t\t\t\t\t\t<img decoding=\"async\" width=\"235\" height=\"227\" src=\"https:\/\/www.uned.ac.cr\/dpmd\/vicom\/wp-content\/uploads\/2022\/06\/Iconos-servicios-02.svg\" class=\"attachment-large size-large wp-image-3019\" alt=\"manos unidas\" \/>\t\t\t\t\t\t\t\t\t\t\t\t\t\t\t<\/div>\n\t\t\t\t<\/div>\n\t\t\t\t\t<\/div>\n\t\t<\/div>\n\t\t\t\t<div class=\"elementor-column elementor-col-50 elementor-inner-column elementor-element elementor-element-71cf4e5\" data-id=\"71cf4e5\" data-element_type=\"column\" data-e-type=\"column\">\n\t\t\t<div class=\"elementor-widget-wrap elementor-element-populated\">\n\t\t\t\t\t\t<div class=\"elementor-element elementor-element-93a0b4f title-services elementor-widget elementor-widget-heading\" data-id=\"93a0b4f\" data-element_type=\"widget\" data-e-type=\"widget\" data-widget_type=\"heading.default\">\n\t\t\t\t<div class=\"elementor-widget-container\">\n\t\t\t\t\t<h2 class=\"elementor-heading-title elementor-size-default\">ASESOR\u00cdAS<\/h2>\t\t\t\t<\/div>\n\t\t\t\t<\/div>\n\t\t\t\t<div class=\"elementor-element elementor-element-6d50131 elementor-widget elementor-widget-text-editor\" data-id=\"6d50131\" data-element_type=\"widget\" data-e-type=\"widget\" data-widget_type=\"text-editor.default\">\n\t\t\t\t<div class=\"elementor-widget-container\">\n\t\t\t\t\t\t\t\t\t<p>Solicite aqu\u00ed asesor\u00eda en: en planificaci\u00f3n, uso t\u00e9cnico de herramientas y en mediaci\u00f3n para la autogesti\u00f3n de producciones de videotransmisi\u00f3n.<\/p>\t\t\t\t\t\t\t\t<\/div>\n\t\t\t\t<\/div>\n\t\t\t\t<div class=\"elementor-element elementor-element-2225dfb elementor-widget elementor-widget-button\" data-id=\"2225dfb\" data-element_type=\"widget\" data-e-type=\"widget\" data-widget_type=\"button.default\">\n\t\t\t\t<div class=\"elementor-widget-container\">\n\t\t\t\t\t\t\t\t\t<div class=\"elementor-button-wrapper\">\n\t\t\t\t\t<a class=\"elementor-button elementor-button-link elementor-size-xs\" href=\"https:\/\/forms.office.com\/r\/rYiBfaKH97\" target=\"_blank\">\n\t\t\t\t\t\t<span class=\"elementor-button-content-wrapper\">\n\t\t\t\t\t\t\t\t\t<span class=\"elementor-button-text\">Solicitar servicio<\/span>\n\t\t\t\t\t<\/span>\n\t\t\t\t\t<\/a>\n\t\t\t\t<\/div>\n\t\t\t\t\t\t\t\t<\/div>\n\t\t\t\t<\/div>\n\t\t\t\t\t<\/div>\n\t\t<\/div>\n\t\t\t\t\t<\/div>\n\t\t<\/section>\n\t\t\t\t<section class=\"elementor-section elementor-inner-section elementor-element elementor-element-c3689af elementor-section-full_width elementor-section-height-default elementor-section-height-default\" data-id=\"c3689af\" data-element_type=\"section\" data-e-type=\"section\">\n\t\t\t\t\t\t<div class=\"elementor-container elementor-column-gap-no\">\n\t\t\t\t\t<div class=\"elementor-column elementor-col-50 elementor-inner-column elementor-element elementor-element-8004362\" data-id=\"8004362\" data-element_type=\"column\" data-e-type=\"column\" data-settings=\"{&quot;background_background&quot;:&quot;classic&quot;}\">\n\t\t\t<div class=\"elementor-widget-wrap elementor-element-populated\">\n\t\t\t\t\t\t<div class=\"elementor-element elementor-element-a990e9d tamano-cuadro elementor-widget elementor-widget-image\" data-id=\"a990e9d\" data-element_type=\"widget\" data-e-type=\"widget\" data-widget_type=\"image.default\">\n\t\t\t\t<div class=\"elementor-widget-container\">\n\t\t\t\t\t\t\t\t\t\t\t\t\t\t\t<img decoding=\"async\" width=\"235\" height=\"227\" src=\"https:\/\/www.uned.ac.cr\/dpmd\/vicom\/wp-content\/uploads\/2022\/06\/Iconos-servicios-03.svg\" class=\"attachment-large size-large wp-image-3020\" alt=\"ruedita de configuraci\u00f3n\" \/>\t\t\t\t\t\t\t\t\t\t\t\t\t\t\t<\/div>\n\t\t\t\t<\/div>\n\t\t\t\t\t<\/div>\n\t\t<\/div>\n\t\t\t\t<div class=\"elementor-column elementor-col-50 elementor-inner-column elementor-element elementor-element-3683403\" data-id=\"3683403\" data-element_type=\"column\" data-e-type=\"column\">\n\t\t\t<div class=\"elementor-widget-wrap elementor-element-populated\">\n\t\t\t\t\t\t<div class=\"elementor-element elementor-element-80ac3a3 title-services elementor-widget elementor-widget-heading\" data-id=\"80ac3a3\" data-element_type=\"widget\" data-e-type=\"widget\" data-widget_type=\"heading.default\">\n\t\t\t\t<div class=\"elementor-widget-container\">\n\t\t\t\t\t<h2 class=\"elementor-heading-title elementor-size-default\">SOPORTE T\u00c9CNICO<\/h2>\t\t\t\t<\/div>\n\t\t\t\t<\/div>\n\t\t\t\t<div class=\"elementor-element elementor-element-ee9ebcb elementor-widget elementor-widget-text-editor\" data-id=\"ee9ebcb\" data-element_type=\"widget\" data-e-type=\"widget\" data-widget_type=\"text-editor.default\">\n\t\t\t\t<div class=\"elementor-widget-container\">\n\t\t\t\t\t\t\t\t\t<p>Consulte aqu\u00ed sus dudas sobre el uso de la aplicaci\u00f3n Agenda Zoom UNED.<\/p>\t\t\t\t\t\t\t\t<\/div>\n\t\t\t\t<\/div>\n\t\t\t\t<div class=\"elementor-element elementor-element-0493ccd elementor-widget elementor-widget-button\" data-id=\"0493ccd\" data-element_type=\"widget\" data-e-type=\"widget\" data-widget_type=\"button.default\">\n\t\t\t\t<div class=\"elementor-widget-container\">\n\t\t\t\t\t\t\t\t\t<div class=\"elementor-button-wrapper\">\n\t\t\t\t\t<a class=\"elementor-button elementor-button-link elementor-size-xs\" href=\"https:\/\/forms.office.com\/r\/3NihW8Lhjm\" target=\"_blank\">\n\t\t\t\t\t\t<span class=\"elementor-button-content-wrapper\">\n\t\t\t\t\t\t\t\t\t<span class=\"elementor-button-text\">Solicitar servicio<\/span>\n\t\t\t\t\t<\/span>\n\t\t\t\t\t<\/a>\n\t\t\t\t<\/div>\n\t\t\t\t\t\t\t\t<\/div>\n\t\t\t\t<\/div>\n\t\t\t\t\t<\/div>\n\t\t<\/div>\n\t\t\t\t\t<\/div>\n\t\t<\/section>\n\t\t\t\t\t<\/div>\n\t\t<\/div>\n\t\t\t\t\t<\/div>\n\t\t<\/section>\n\t\t\t\t<\/div>\n\t\t","protected":false},"excerpt":{"rendered":"<p>SERVICIOS VIDEOTRANSMISIONES Solicite aqu\u00ed el servicio de producci\u00f3n para el desarrollo de videotransmisiones especializadas. Solicitar servicio ASESOR\u00cdAS Solicite aqu\u00ed asesor\u00eda en: en planificaci\u00f3n, uso t\u00e9cnico de herramientas y en mediaci\u00f3n para la autogesti\u00f3n de producciones de videotransmisi\u00f3n. Solicitar servicio SOPORTE T\u00c9CNICO Consulte aqu\u00ed sus dudas sobre el uso de la aplicaci\u00f3n Agenda Zoom UNED. Solicitar [&hellip;]<\/p>\n","protected":false},"author":10,"featured_media":0,"parent":0,"menu_order":0,"comment_status":"closed","ping_status":"closed","template":"","meta":{"footnotes":""},"class_list":["post-38","page","type-page","status-publish","hentry"],"acf":[],"yoast_head":"<!-- This site is optimized with the Yoast SEO plugin v27.4 - https:\/\/yoast.com\/product\/yoast-seo-wordpress\/ -->\n<title>Servicios - VICOM<\/title>\n<meta name=\"robots\" content=\"index, follow, max-snippet:-1, max-image-preview:large, max-video-preview:-1\" \/>\n<link rel=\"canonical\" href=\"https:\/\/www.uned.ac.cr\/dpmd\/vicom\/servicios\/\" \/>\n<meta property=\"og:locale\" content=\"es_ES\" \/>\n<meta property=\"og:type\" content=\"article\" \/>\n<meta property=\"og:title\" content=\"Servicios - VICOM\" \/>\n<meta property=\"og:description\" content=\"SERVICIOS VIDEOTRANSMISIONES Solicite aqu\u00ed el servicio de producci\u00f3n para el desarrollo de videotransmisiones especializadas. Solicitar servicio ASESOR\u00cdAS Solicite aqu\u00ed asesor\u00eda en: en planificaci\u00f3n, uso t\u00e9cnico de herramientas y en mediaci\u00f3n para la autogesti\u00f3n de producciones de videotransmisi\u00f3n. Solicitar servicio SOPORTE T\u00c9CNICO Consulte aqu\u00ed sus dudas sobre el uso de la aplicaci\u00f3n Agenda Zoom UNED. Solicitar [&hellip;]\" \/>\n<meta property=\"og:url\" content=\"https:\/\/www.uned.ac.cr\/dpmd\/vicom\/servicios\/\" \/>\n<meta property=\"og:site_name\" content=\"VICOM\" \/>\n<meta property=\"article:modified_time\" content=\"2024-04-24T18:40:08+00:00\" \/>\n<meta property=\"og:image\" content=\"https:\/\/www.uned.ac.cr\/dpmd\/vicom\/wp-content\/uploads\/2022\/05\/Iconos-servicios-01.png\" \/>\n<meta name=\"twitter:card\" content=\"summary_large_image\" \/>\n<meta name=\"twitter:label1\" content=\"Est. reading time\" \/>\n\t<meta name=\"twitter:data1\" content=\"1 minuto\" \/>\n<script type=\"application\/ld+json\" class=\"yoast-schema-graph\">{\"@context\":\"https:\\\/\\\/schema.org\",\"@graph\":[{\"@type\":\"WebPage\",\"@id\":\"https:\\\/\\\/www.uned.ac.cr\\\/dpmd\\\/vicom\\\/servicios\\\/\",\"url\":\"https:\\\/\\\/www.uned.ac.cr\\\/dpmd\\\/vicom\\\/servicios\\\/\",\"name\":\"Servicios - VICOM\",\"isPartOf\":{\"@id\":\"https:\\\/\\\/www.uned.ac.cr\\\/dpmd\\\/vicom\\\/#website\"},\"primaryImageOfPage\":{\"@id\":\"https:\\\/\\\/www.uned.ac.cr\\\/dpmd\\\/vicom\\\/servicios\\\/#primaryimage\"},\"image\":{\"@id\":\"https:\\\/\\\/www.uned.ac.cr\\\/dpmd\\\/vicom\\\/servicios\\\/#primaryimage\"},\"thumbnailUrl\":\"https:\\\/\\\/www.uned.ac.cr\\\/dpmd\\\/vicom\\\/wp-content\\\/uploads\\\/2022\\\/05\\\/Iconos-servicios-01.png\",\"datePublished\":\"2022-03-21T03:28:53+00:00\",\"dateModified\":\"2024-04-24T18:40:08+00:00\",\"breadcrumb\":{\"@id\":\"https:\\\/\\\/www.uned.ac.cr\\\/dpmd\\\/vicom\\\/servicios\\\/#breadcrumb\"},\"inLanguage\":\"es-CR\",\"potentialAction\":[{\"@type\":\"ReadAction\",\"target\":[\"https:\\\/\\\/www.uned.ac.cr\\\/dpmd\\\/vicom\\\/servicios\\\/\"]}]},{\"@type\":\"ImageObject\",\"inLanguage\":\"es-CR\",\"@id\":\"https:\\\/\\\/www.uned.ac.cr\\\/dpmd\\\/vicom\\\/servicios\\\/#primaryimage\",\"url\":\"https:\\\/\\\/www.uned.ac.cr\\\/dpmd\\\/vicom\\\/wp-content\\\/uploads\\\/2022\\\/05\\\/Iconos-servicios-01.png\",\"contentUrl\":\"https:\\\/\\\/www.uned.ac.cr\\\/dpmd\\\/vicom\\\/wp-content\\\/uploads\\\/2022\\\/05\\\/Iconos-servicios-01.png\",\"width\":235,\"height\":228,\"caption\":\"icono planeta\"},{\"@type\":\"BreadcrumbList\",\"@id\":\"https:\\\/\\\/www.uned.ac.cr\\\/dpmd\\\/vicom\\\/servicios\\\/#breadcrumb\",\"itemListElement\":[{\"@type\":\"ListItem\",\"position\":1,\"name\":\"Inicio\",\"item\":\"https:\\\/\\\/www.uned.ac.cr\\\/dpmd\\\/vicom\\\/\"},{\"@type\":\"ListItem\",\"position\":2,\"name\":\"Servicios\"}]},{\"@type\":\"WebSite\",\"@id\":\"https:\\\/\\\/www.uned.ac.cr\\\/dpmd\\\/vicom\\\/#website\",\"url\":\"https:\\\/\\\/www.uned.ac.cr\\\/dpmd\\\/vicom\\\/\",\"name\":\"VICOM\",\"description\":\"Programa de Videocomunicaci\u00f3n (VICOM)\",\"publisher\":{\"@id\":\"https:\\\/\\\/www.uned.ac.cr\\\/dpmd\\\/vicom\\\/#organization\"},\"potentialAction\":[{\"@type\":\"SearchAction\",\"target\":{\"@type\":\"EntryPoint\",\"urlTemplate\":\"https:\\\/\\\/www.uned.ac.cr\\\/dpmd\\\/vicom\\\/?s={search_term_string}\"},\"query-input\":{\"@type\":\"PropertyValueSpecification\",\"valueRequired\":true,\"valueName\":\"search_term_string\"}}],\"inLanguage\":\"es-CR\"},{\"@type\":\"Organization\",\"@id\":\"https:\\\/\\\/www.uned.ac.cr\\\/dpmd\\\/vicom\\\/#organization\",\"name\":\"VICOM\",\"url\":\"https:\\\/\\\/www.uned.ac.cr\\\/dpmd\\\/vicom\\\/\",\"logo\":{\"@type\":\"ImageObject\",\"inLanguage\":\"es-CR\",\"@id\":\"https:\\\/\\\/www.uned.ac.cr\\\/dpmd\\\/vicom\\\/#\\\/schema\\\/logo\\\/image\\\/\",\"url\":\"https:\\\/\\\/www.uned.ac.cr\\\/dpmd\\\/vicom\\\/wp-content\\\/uploads\\\/2022\\\/09\\\/logo-VICOM.png\",\"contentUrl\":\"https:\\\/\\\/www.uned.ac.cr\\\/dpmd\\\/vicom\\\/wp-content\\\/uploads\\\/2022\\\/09\\\/logo-VICOM.png\",\"width\":3109,\"height\":3462,\"caption\":\"VICOM\"},\"image\":{\"@id\":\"https:\\\/\\\/www.uned.ac.cr\\\/dpmd\\\/vicom\\\/#\\\/schema\\\/logo\\\/image\\\/\"}}]}<\/script>\n<!-- \/ Yoast SEO plugin. -->","yoast_head_json":{"title":"Servicios - VICOM","robots":{"index":"index","follow":"follow","max-snippet":"max-snippet:-1","max-image-preview":"max-image-preview:large","max-video-preview":"max-video-preview:-1"},"canonical":"https:\/\/www.uned.ac.cr\/dpmd\/vicom\/servicios\/","og_locale":"es_ES","og_type":"article","og_title":"Servicios - VICOM","og_description":"SERVICIOS VIDEOTRANSMISIONES Solicite aqu\u00ed el servicio de producci\u00f3n para el desarrollo de videotransmisiones especializadas. Solicitar servicio ASESOR\u00cdAS Solicite aqu\u00ed asesor\u00eda en: en planificaci\u00f3n, uso t\u00e9cnico de herramientas y en mediaci\u00f3n para la autogesti\u00f3n de producciones de videotransmisi\u00f3n. Solicitar servicio SOPORTE T\u00c9CNICO Consulte aqu\u00ed sus dudas sobre el uso de la aplicaci\u00f3n Agenda Zoom UNED. Solicitar [&hellip;]","og_url":"https:\/\/www.uned.ac.cr\/dpmd\/vicom\/servicios\/","og_site_name":"VICOM","article_modified_time":"2024-04-24T18:40:08+00:00","og_image":[{"url":"https:\/\/www.uned.ac.cr\/dpmd\/vicom\/wp-content\/uploads\/2022\/05\/Iconos-servicios-01.png","type":"","width":"","height":""}],"twitter_card":"summary_large_image","twitter_misc":{"Est. reading time":"1 minuto"},"schema":{"@context":"https:\/\/schema.org","@graph":[{"@type":"WebPage","@id":"https:\/\/www.uned.ac.cr\/dpmd\/vicom\/servicios\/","url":"https:\/\/www.uned.ac.cr\/dpmd\/vicom\/servicios\/","name":"Servicios - VICOM","isPartOf":{"@id":"https:\/\/www.uned.ac.cr\/dpmd\/vicom\/#website"},"primaryImageOfPage":{"@id":"https:\/\/www.uned.ac.cr\/dpmd\/vicom\/servicios\/#primaryimage"},"image":{"@id":"https:\/\/www.uned.ac.cr\/dpmd\/vicom\/servicios\/#primaryimage"},"thumbnailUrl":"https:\/\/www.uned.ac.cr\/dpmd\/vicom\/wp-content\/uploads\/2022\/05\/Iconos-servicios-01.png","datePublished":"2022-03-21T03:28:53+00:00","dateModified":"2024-04-24T18:40:08+00:00","breadcrumb":{"@id":"https:\/\/www.uned.ac.cr\/dpmd\/vicom\/servicios\/#breadcrumb"},"inLanguage":"es-CR","potentialAction":[{"@type":"ReadAction","target":["https:\/\/www.uned.ac.cr\/dpmd\/vicom\/servicios\/"]}]},{"@type":"ImageObject","inLanguage":"es-CR","@id":"https:\/\/www.uned.ac.cr\/dpmd\/vicom\/servicios\/#primaryimage","url":"https:\/\/www.uned.ac.cr\/dpmd\/vicom\/wp-content\/uploads\/2022\/05\/Iconos-servicios-01.png","contentUrl":"https:\/\/www.uned.ac.cr\/dpmd\/vicom\/wp-content\/uploads\/2022\/05\/Iconos-servicios-01.png","width":235,"height":228,"caption":"icono planeta"},{"@type":"BreadcrumbList","@id":"https:\/\/www.uned.ac.cr\/dpmd\/vicom\/servicios\/#breadcrumb","itemListElement":[{"@type":"ListItem","position":1,"name":"Inicio","item":"https:\/\/www.uned.ac.cr\/dpmd\/vicom\/"},{"@type":"ListItem","position":2,"name":"Servicios"}]},{"@type":"WebSite","@id":"https:\/\/www.uned.ac.cr\/dpmd\/vicom\/#website","url":"https:\/\/www.uned.ac.cr\/dpmd\/vicom\/","name":"VICOM","description":"Programa de Videocomunicaci\u00f3n (VICOM)","publisher":{"@id":"https:\/\/www.uned.ac.cr\/dpmd\/vicom\/#organization"},"potentialAction":[{"@type":"SearchAction","target":{"@type":"EntryPoint","urlTemplate":"https:\/\/www.uned.ac.cr\/dpmd\/vicom\/?s={search_term_string}"},"query-input":{"@type":"PropertyValueSpecification","valueRequired":true,"valueName":"search_term_string"}}],"inLanguage":"es-CR"},{"@type":"Organization","@id":"https:\/\/www.uned.ac.cr\/dpmd\/vicom\/#organization","name":"VICOM","url":"https:\/\/www.uned.ac.cr\/dpmd\/vicom\/","logo":{"@type":"ImageObject","inLanguage":"es-CR","@id":"https:\/\/www.uned.ac.cr\/dpmd\/vicom\/#\/schema\/logo\/image\/","url":"https:\/\/www.uned.ac.cr\/dpmd\/vicom\/wp-content\/uploads\/2022\/09\/logo-VICOM.png","contentUrl":"https:\/\/www.uned.ac.cr\/dpmd\/vicom\/wp-content\/uploads\/2022\/09\/logo-VICOM.png","width":3109,"height":3462,"caption":"VICOM"},"image":{"@id":"https:\/\/www.uned.ac.cr\/dpmd\/vicom\/#\/schema\/logo\/image\/"}}]}},"_links":{"self":[{"href":"https:\/\/www.uned.ac.cr\/dpmd\/vicom\/wp-json\/wp\/v2\/pages\/38","targetHints":{"allow":["GET"]}}],"collection":[{"href":"https:\/\/www.uned.ac.cr\/dpmd\/vicom\/wp-json\/wp\/v2\/pages"}],"about":[{"href":"https:\/\/www.uned.ac.cr\/dpmd\/vicom\/wp-json\/wp\/v2\/types\/page"}],"author":[{"embeddable":true,"href":"https:\/\/www.uned.ac.cr\/dpmd\/vicom\/wp-json\/wp\/v2\/users\/10"}],"replies":[{"embeddable":true,"href":"https:\/\/www.uned.ac.cr\/dpmd\/vicom\/wp-json\/wp\/v2\/comments?post=38"}],"version-history":[{"count":6,"href":"https:\/\/www.uned.ac.cr\/dpmd\/vicom\/wp-json\/wp\/v2\/pages\/38\/revisions"}],"predecessor-version":[{"id":11434,"href":"https:\/\/www.uned.ac.cr\/dpmd\/vicom\/wp-json\/wp\/v2\/pages\/38\/revisions\/11434"}],"wp:attachment":[{"href":"https:\/\/www.uned.ac.cr\/dpmd\/vicom\/wp-json\/wp\/v2\/media?parent=38"}],"curies":[{"name":"wp","href":"https:\/\/api.w.org\/{rel}","templated":true}]}}